{"id":18,"date":"2012-08-24T09:59:39","date_gmt":"2012-08-24T07:59:39","guid":{"rendered":"http:\/\/www.buergerliste-mortantsch.org\/?page_id=18"},"modified":"2021-03-02T08:59:19","modified_gmt":"2021-03-02T06:59:19","slug":"der-gemeinderat","status":"publish","type":"page","link":"https:\/\/www.buergerliste-mortantsch.org\/?page_id=18","title":{"rendered":"Der Gemeinderat"},"content":{"rendered":"<p><strong>Peter Schlagbauer<\/strong> Volks-B\u00fcrgermeister und damit nicht im Gemeinderat stimmberechtigt.<\/p>\n<p><strong>plus 15 Gemeinder\u00e4te bzw. Vorstandsmitglieder<br \/>\n<\/strong>Alphabetisch und ohne Nennung der Parteizugeh\u00f6rigkeit, weil alle GR prinzipiell\u00a0 Unparteilichkeit gelobt haben.<strong><br \/>\n<\/strong><del><\/del><\/p>\n<ol>\n<li>GR DI FH Herbert Frie\u00df (Vizeb\u00fcrgermeister )<\/li>\n<li>GR Johann Schwaiger (Kassier)<\/li>\n<li>GR Petra Almer<\/li>\n<li>GR Michaela Barm\u00fcller<\/li>\n<li>GR Angelika Heuberger<\/li>\n<li>GR Christina Scheucher<\/li>\n<li>GR DI Wolfgang Ableitner<\/li>\n<li>GR Peter Deutschmann, MSc<\/li>\n<li>GR Johann Ederer<\/li>\n<li>GR Gottfried Grabner<\/li>\n<li>GR Peter Krones<\/li>\n<li>GR Ing. Christian Leitner<\/li>\n<li>GR Peter Vorraber<\/li>\n<li>GR Michael Wolf<\/li>\n<li>GR Mario Zechner<\/li>\n<\/ol>\n","protected":false},"excerpt":{"rendered":"<p>Peter Schlagbauer Volks-B\u00fcrgermeister und damit nicht im Gemeinderat stimmberechtigt. plus 15 Gemeinder\u00e4te bzw. Vorstandsmitglieder Alphabetisch und ohne Nennung der Parteizugeh\u00f6rigkeit, weil alle GR prinzipiell\u00a0 Unparteilichkeit gelobt haben. GR DI FH Herbert Frie\u00df (Vizeb\u00fcrgermeister ) GR Johann Schwaiger (Kassier) GR Petra &hellip; <a href=\"https:\/\/www.buergerliste-mortantsch.org\/?page_id=18\">Weiterlesen <span class=\"meta-nav\">&rarr;<\/span><\/a><\/p>\n","protected":false},"author":1,"featured_media":0,"parent":0,"menu_order":0,"comment_status":"closed","ping_status":"closed","template":"","meta":{"footnotes":""},"class_list":["post-18","page","type-page","status-publish","hentry"],"_links":{"self":[{"href":"https:\/\/www.buergerliste-mortantsch.org\/index.php?rest_route=\/wp\/v2\/pages\/18","targetHints":{"allow":["GET"]}}],"collection":[{"href":"https:\/\/www.buergerliste-mortantsch.org\/index.php?rest_route=\/wp\/v2\/pages"}],"about":[{"href":"https:\/\/www.buergerliste-mortantsch.org\/index.php?rest_route=\/wp\/v2\/types\/page"}],"author":[{"embeddable":true,"href":"https:\/\/www.buergerliste-mortantsch.org\/index.php?rest_route=\/wp\/v2\/users\/1"}],"replies":[{"embeddable":true,"href":"https:\/\/www.buergerliste-mortantsch.org\/index.php?rest_route=%2Fwp%2Fv2%2Fcomments&post=18"}],"version-history":[{"count":13,"href":"https:\/\/www.buergerliste-mortantsch.org\/index.php?rest_route=\/wp\/v2\/pages\/18\/revisions"}],"predecessor-version":[{"id":1096,"href":"https:\/\/www.buergerliste-mortantsch.org\/index.php?rest_route=\/wp\/v2\/pages\/18\/revisions\/1096"}],"wp:attachment":[{"href":"https:\/\/www.buergerliste-mortantsch.org\/index.php?rest_route=%2Fwp%2Fv2%2Fmedia&parent=18"}],"curies":[{"name":"wp","href":"https:\/\/api.w.org\/{rel}","templated":true}]}}